{"id":1006,"date":"2024-05-22T12:39:40","date_gmt":"2024-05-22T16:39:40","guid":{"rendered":"https:\/\/atipxpresstraining.ca\/?page_id=1006"},"modified":"2024-05-28T13:53:06","modified_gmt":"2024-05-28T17:53:06","slug":"conditions-dutilisation","status":"publish","type":"page","link":"https:\/\/atipxpresstraining.ca\/fr\/conditions-dutilisation\/","title":{"rendered":"Conditions d\u2019utilisation"},"content":{"rendered":"\t\t<div data-elementor-type=\"wp-page\" data-elementor-id=\"1006\" class=\"elementor elementor-1006 elementor-995\" data-elementor-post-type=\"page\">\n\t\t\t\t<div class=\"elementor-element elementor-element-b74d15e e-flex e-con-boxed e-con e-parent\" data-id=\"b74d15e\" data-element_type=\"container\" data-e-type=\"container\">\n\t\t\t\t\t<div class=\"e-con-inner\">\n\t\t\t\t<div class=\"elementor-element elementor-element-a6b0d92 elementor-widget elementor-widget-heading\" data-id=\"a6b0d92\" data-element_type=\"widget\" data-e-type=\"widget\" data-widget_type=\"heading.default\">\n\t\t\t\t<div class=\"elementor-widget-container\">\n\t\t\t\t\t<h2 class=\"elementor-heading-title elementor-size-default\">Conditions d\u2019utilisation<\/h2>\t\t\t\t<\/div>\n\t\t\t\t<\/div>\n\t\t\t\t<div class=\"elementor-element elementor-element-a0403c9 elementor-widget elementor-widget-text-editor\" data-id=\"a0403c9\" data-element_type=\"widget\" data-e-type=\"widget\" data-widget_type=\"text-editor.default\">\n\t\t\t\t<div class=\"elementor-widget-container\">\n\t\t\t\t\t\t\t\t\t<p>Ces modalit\u00e9s (les \u00ab modalit\u00e9s \u00bb) r\u00e9gissent l\u2019utilisation du site www.atipxpresstraining.ca (le \u00ab site \u00bb). iPSS Inc. est propri\u00e9taire et exploitant de ce site. Ce site est un site Web de formation. En utilisant ce site, vous indiquez que vous avez lu et compris les pr\u00e9sentes modalit\u00e9s et que vous acceptez de les respecter en tout temps.<\/p><p><strong>Propri\u00e9t\u00e9 intellectuelle<\/strong><br \/>Tout le contenu publi\u00e9 et mis \u00e0 disposition sur notre Site est la propri\u00e9t\u00e9 d\u2019iPSS Inc. et des cr\u00e9ateurs du Site.<br \/>Cela comprend, sans s\u2019y limiter, les images, le texte, les logos, les documents, les fichiers t\u00e9l\u00e9chargeables et tout ce qui contribue \u00e0 la composition de notre site.<\/p><p><strong>Liens vers d\u2019autres sites Web<\/strong><br \/>Notre site contient des liens vers des sites Web ou des services de tiers que nous ne poss\u00e9dons pas ou ne contr\u00f4lons pas. Nous ne sommes pas responsables du contenu, des politiques ou des pratiques de tout site Web ou service tiers li\u00e9 \u00e0 notre Site. Il vous incombe de lire les modalit\u00e9s et les politiques de confidentialit\u00e9 de ces tiers sites Web avant d\u2019utiliser ces sites.<\/p><p><strong>Limitation de responsabilit\u00e9<\/strong><br \/>iPSS Inc. et nos administrateurs, dirigeants, agents, employ\u00e9s, filiales et soci\u00e9t\u00e9s affili\u00e9es ne seront pas responsables des actions, r\u00e9clamations, pertes, dommages, responsabilit\u00e9s et d\u00e9penses, y compris les frais juridiques li\u00e9s \u00e0 votre utilisation du site.<\/p><p><strong>Indemnit\u00e9<\/strong><br \/>Sauf si la loi l\u2019interdit, en utilisant ce site, vous indemnisez et d\u00e9gagez de toute responsabilit\u00e9 iPSS Inc. et nos administrateurs, dirigeants, agents, employ\u00e9s, filiales et soci\u00e9t\u00e9s affili\u00e9es \u00e0 l\u2019\u00e9gard de toute action, r\u00e9clamation ou perte, les dommages, responsabilit\u00e9s et d\u00e9penses, y compris les frais juridiques d\u00e9coulant de votre utilisation de notre site ou de votre violation des pr\u00e9sentes modalit\u00e9s.<\/p><p><strong>Loi applicable<\/strong><br \/>Les pr\u00e9sentes modalit\u00e9s sont r\u00e9gies par les lois de la province de l\u2019Ontario.<\/p><p><strong>Divisibilit\u00e9<\/strong><br \/>Si, \u00e0 tout moment, l\u2019une ou l\u2019autre des dispositions \u00e9nonc\u00e9es dans les pr\u00e9sentes modalit\u00e9s est jug\u00e9e incompatible ou invalide en vertu des lois applicables, ces dispositions seront r\u00e9put\u00e9es nulles et seront retir\u00e9es des pr\u00e9sentes modalit\u00e9s. Toutes les autres dispositions ne seront pas touch\u00e9es par le retrait et les autres modalit\u00e9s seront toujours consid\u00e9r\u00e9es comme valides.<\/p><p><strong>Changements<\/strong><br \/>Les pr\u00e9sentes modalit\u00e9s peuvent \u00eatre modifi\u00e9es de temps \u00e0 autre afin de maintenir la conformit\u00e9 \u00e0 la loi et de refl\u00e9ter tout changement apport\u00e9 \u00e0 la fa\u00e7on dont nous exploitons notre site et \u00e0 la fa\u00e7on dont nous nous attendons \u00e0 ce que les utilisateurs se comportent sur notre site. Nous informerons les utilisateurs par courriel des changements apport\u00e9s aux pr\u00e9sentes modalit\u00e9s ou afficherons un avis sur notre site.<\/p><p><strong>Coordonn\u00e9es<\/strong><br \/>Veuillez communiquer avec nous si vous avez des questions ou des pr\u00e9occupations. Nos coordonn\u00e9es sont les suivantes\u00a0:<br \/>613-232-2228<br \/>info@ipss.ca<br \/>541, promenade Sussex, 2e \u00e9tage Ottawa (Ontario) K1N 6Z6<\/p><p>Vous pouvez \u00e9galement communiquer avec nous au moyen du formulaire de r\u00e9troaction qui se trouve sur notre site.<\/p><p>\u00a0<\/p>\t\t\t\t\t\t\t\t<\/div>\n\t\t\t\t<\/div>\n\t\t\t\t\t<\/div>\n\t\t\t\t<\/div>\n\t\t\t\t<\/div>\n\t\t","protected":false},"excerpt":{"rendered":"<p>Ces modalit\u00e9s (les \u00ab modalit\u00e9s \u00bb) r\u00e9gissent l\u2019utilisation du site www.atipxpresstraining.ca (le \u00ab site \u00bb). iPSS Inc. est propri\u00e9taire et exploitant de ce site. Ce site est un site Web de formation. En utilisant ce site, vous indiquez que vous avez lu et compris les pr\u00e9sentes modalit\u00e9s et que vous acceptez de les respecter en [&hellip;]<\/p>\n","protected":false},"author":5,"featured_media":0,"parent":0,"menu_order":0,"comment_status":"closed","ping_status":"closed","template":"elementor_header_footer","meta":{"_acf_changed":false,"_seopress_robots_primary_cat":"","_seopress_titles_title":"","_seopress_titles_desc":"","_seopress_robots_index":"","site-sidebar-layout":"no-sidebar","site-content-layout":"","ast-site-content-layout":"full-width-container","site-content-style":"default","site-sidebar-style":"default","ast-global-header-display":"","ast-banner-title-visibility":"","ast-main-header-display":"","ast-hfb-above-header-display":"","ast-hfb-below-header-display":"","ast-hfb-mobile-header-display":"","site-post-title":"disabled","ast-breadcrumbs-content":"","ast-featured-img":"disabled","footer-sml-layout":"","ast-disable-related-posts":"","theme-transparent-header-meta":"","adv-header-id-meta":"","stick-header-meta":"","header-above-stick-meta":"","header-main-stick-meta":"","header-below-stick-meta":"","astra-migrate-meta-layouts":"default","ast-page-background-enabled":"default","ast-page-background-meta":{"desktop":{"background-color":"var(--ast-global-color-4)","background-image":"","background-repeat":"repeat","background-position":"center center","background-size":"auto","background-attachment":"scroll","background-type":"","background-media":"","overlay-type":"","overlay-color":"","overlay-opacity":"","overlay-gradient":""},"tablet":{"background-color":"","background-image":"","background-repeat":"repeat","background-position":"center center","background-size":"auto","background-attachment":"scroll","background-type":"","background-media":"","overlay-type":"","overlay-color":"","overlay-opacity":"","overlay-gradient":""},"mobile":{"background-color":"","background-image":"","background-repeat":"repeat","background-position":"center center","background-size":"auto","background-attachment":"scroll","background-type":"","background-media":"","overlay-type":"","overlay-color":"","overlay-opacity":"","overlay-gradient":""}},"ast-content-background-meta":{"desktop":{"background-color":"var(--ast-global-color-5)","background-image":"","background-repeat":"repeat","background-position":"center center","background-size":"auto","background-attachment":"scroll","background-type":"","background-media":"","overlay-type":"","overlay-color":"","overlay-opacity":"","overlay-gradient":""},"tablet":{"background-color":"var(--ast-global-color-5)","background-image":"","background-repeat":"repeat","background-position":"center center","background-size":"auto","background-attachment":"scroll","background-type":"","background-media":"","overlay-type":"","overlay-color":"","overlay-opacity":"","overlay-gradient":""},"mobile":{"background-color":"var(--ast-global-color-5)","background-image":"","background-repeat":"repeat","background-position":"center center","background-size":"auto","background-attachment":"scroll","background-type":"","background-media":"","overlay-type":"","overlay-color":"","overlay-opacity":"","overlay-gradient":""}},"footnotes":""},"class_list":["post-1006","page","type-page","status-publish","hentry"],"acf":[],"_links":{"self":[{"href":"https:\/\/atipxpresstraining.ca\/fr\/wp-json\/wp\/v2\/pages\/1006","targetHints":{"allow":["GET"]}}],"collection":[{"href":"https:\/\/atipxpresstraining.ca\/fr\/wp-json\/wp\/v2\/pages"}],"about":[{"href":"https:\/\/atipxpresstraining.ca\/fr\/wp-json\/wp\/v2\/types\/page"}],"author":[{"embeddable":true,"href":"https:\/\/atipxpresstraining.ca\/fr\/wp-json\/wp\/v2\/users\/5"}],"replies":[{"embeddable":true,"href":"https:\/\/atipxpresstraining.ca\/fr\/wp-json\/wp\/v2\/comments?post=1006"}],"version-history":[{"count":4,"href":"https:\/\/atipxpresstraining.ca\/fr\/wp-json\/wp\/v2\/pages\/1006\/revisions"}],"predecessor-version":[{"id":1010,"href":"https:\/\/atipxpresstraining.ca\/fr\/wp-json\/wp\/v2\/pages\/1006\/revisions\/1010"}],"wp:attachment":[{"href":"https:\/\/atipxpresstraining.ca\/fr\/wp-json\/wp\/v2\/media?parent=1006"}],"curies":[{"name":"wp","href":"https:\/\/api.w.org\/{rel}","templated":true}]}}