{"id":316,"date":"2023-12-15T16:49:50","date_gmt":"2023-12-15T21:49:50","guid":{"rendered":"https:\/\/opexus.thedev.ca\/?page_id=316"},"modified":"2024-09-09T12:32:42","modified_gmt":"2024-09-09T16:32:42","slug":"materiel-de-formation","status":"publish","type":"page","link":"https:\/\/atipxpresstraining.ca\/fr\/materiel-de-formation\/","title":{"rendered":"Mat\u00e9riel de formation"},"content":{"rendered":"\t\t<div data-elementor-type=\"wp-page\" data-elementor-id=\"316\" class=\"elementor elementor-316 elementor-30\" data-elementor-post-type=\"page\">\n\t\t\t\t<div class=\"elementor-element elementor-element-3613221 dc-has-condition dc-condition-in_array_contains e-flex e-con-boxed e-con e-parent\" data-id=\"3613221\" data-element_type=\"container\" data-e-type=\"container\">\n\t\t\t\t\t<div class=\"e-con-inner\">\n\t\t<div class=\"elementor-element elementor-element-1e96a55 e-con-full e-flex e-con e-child\" data-id=\"1e96a55\" data-element_type=\"container\" data-e-type=\"container\" data-settings=\"{&quot;background_background&quot;:&quot;classic&quot;}\">\n\t\t\t\t<div class=\"elementor-element elementor-element-8049895 elementor-widget elementor-widget-heading\" data-id=\"8049895\" data-element_type=\"widget\" data-e-type=\"widget\" data-widget_type=\"heading.default\">\n\t\t\t\t<div class=\"elementor-widget-container\">\n\t\t\t\t\t<h2 class=\"elementor-heading-title elementor-size-default\">Bienvenue au centre de formation iPSS \/ Opexus<\/h2>\t\t\t\t<\/div>\n\t\t\t\t<\/div>\n\t\t\t\t<div class=\"elementor-element elementor-element-88f07a2 elementor-widget elementor-widget-text-editor\" data-id=\"88f07a2\" data-element_type=\"widget\" data-e-type=\"widget\" data-settings=\"{&quot;display_condition_enable&quot;:&quot;yes&quot;}\" data-widget_type=\"text-editor.default\">\n\t\t\t\t<div class=\"elementor-widget-container\">\n\t\t\t\t\t\t\t\t\t<p>Connectez-vous avec le code cl\u00e9 de votre entreprise pour acc\u00e9der au mat\u00e9riel de formation Opexus.<\/p><p>Si vous avez oubli\u00e9 votre code cl\u00e9, contactez directement le superviseur de votre d\u00e9partement pour r\u00e9cup\u00e9rer votre acc\u00e8s.<\/p>\t\t\t\t\t\t\t\t<\/div>\n\t\t\t\t<\/div>\n\t\t\t\t<div class=\"elementor-element elementor-element-cd15132 elementor-widget elementor-widget-shortcode\" data-id=\"cd15132\" data-element_type=\"widget\" data-e-type=\"widget\" data-settings=\"{&quot;display_condition_enable&quot;:&quot;yes&quot;}\" data-widget_type=\"shortcode.default\">\n\t\t\t\t<div class=\"elementor-widget-container\">\n\t\t\t\t\t\t\t<div class=\"elementor-shortcode\">\r\n\r\n<form method=\"post\" class=\"keycode-login\">\r\n    <input type=\"hidden\" id=\"keycode_login_nonce\" name=\"keycode_login_nonce\" value=\"2d95510ee1\" \/><input type=\"hidden\" name=\"_wp_http_referer\" value=\"\/fr\/wp-json\/wp\/v2\/pages\/316\" \/>    <input type=\"hidden\" name=\"keycode_action\" value=\"login\" \/>\r\n    <div class=\"field\">\r\n        <label for=\"label\">Code cl\u00e9<\/label>\r\n        <div class=\"input-container\">\r\n            <input type=\"text\" id=\"keycode\" name=\"keycode\" value=\"\" autocomplete=\"off\" \/>\r\n        <\/div>\r\n    <\/div>\r\n    <div class=\"field\">\r\n        <button type=\"submit\">Se connecter<\/button>\r\n    <\/div>\r\n<\/form><\/div>\n\t\t\t\t\t\t<\/div>\n\t\t\t\t<\/div>\n\t\t\t\t<\/div>\n\t\t\t\t\t<\/div>\n\t\t\t\t<\/div>\n\t\t<div class=\"elementor-element elementor-element-5584a38 e-flex e-con-boxed e-con e-parent\" data-id=\"5584a38\" data-element_type=\"container\" data-e-type=\"container\" data-settings=\"{&quot;background_background&quot;:&quot;classic&quot;}\">\n\t\t\t\t\t<div class=\"e-con-inner\">\n\t\t<div class=\"elementor-element elementor-element-dbd212f e-con-full e-flex e-con e-child\" data-id=\"dbd212f\" data-element_type=\"container\" data-e-type=\"container\" data-settings=\"{&quot;background_background&quot;:&quot;classic&quot;}\">\n\t\t\t\t<\/div>\n\t\t<div class=\"elementor-element elementor-element-92a73e5 e-con-full e-flex e-con e-child\" data-id=\"92a73e5\" data-element_type=\"container\" data-e-type=\"container\" data-settings=\"{&quot;background_background&quot;:&quot;classic&quot;}\">\n\t\t\t\t<\/div>\n\t\t\t\t\t<\/div>\n\t\t\t\t<\/div>\n\t\t<div class=\"elementor-element elementor-element-4b77250 e-flex e-con-boxed e-con e-parent\" data-id=\"4b77250\" data-element_type=\"container\" data-e-type=\"container\" data-settings=\"{&quot;background_background&quot;:&quot;classic&quot;}\">\n\t\t\t\t\t<div class=\"e-con-inner\">\n\t\t<div class=\"elementor-element elementor-element-1cc1dc6 e-con-full e-flex e-con e-child\" data-id=\"1cc1dc6\" data-element_type=\"container\" data-e-type=\"container\" data-settings=\"{&quot;background_background&quot;:&quot;classic&quot;}\">\n\t\t\t\t<\/div>\n\t\t<div class=\"elementor-element elementor-element-df2b6c8 e-con-full e-flex e-con e-child\" data-id=\"df2b6c8\" data-element_type=\"container\" data-e-type=\"container\" data-settings=\"{&quot;background_background&quot;:&quot;classic&quot;}\">\n\t\t\t\t<\/div>\n\t\t\t\t\t<\/div>\n\t\t\t\t<\/div>\n\t\t\t\t<\/div>\n\t\t","protected":false},"excerpt":{"rendered":"<p>Bienvenue au centre de formation iPSS \/ Opexus Connectez-vous avec le code cl\u00e9 de votre entreprise pour acc\u00e9der au mat\u00e9riel de formation Opexus. Si vous avez oubli\u00e9 votre code cl\u00e9, contactez directement le superviseur de votre d\u00e9partement pour r\u00e9cup\u00e9rer votre acc\u00e8s. Utilisez les filtres ci-dessous pour trier entre les ressources PDF et vid\u00e9o. Video All [&hellip;]<\/p>\n","protected":false},"author":2,"featured_media":0,"parent":0,"menu_order":0,"comment_status":"closed","ping_status":"closed","template":"","meta":{"_acf_changed":false,"_seopress_robots_primary_cat":"","_seopress_titles_title":"","_seopress_titles_desc":"","_seopress_robots_index":"","site-sidebar-layout":"no-sidebar","site-content-layout":"","ast-site-content-layout":"full-width-container","site-content-style":"default","site-sidebar-style":"default","ast-global-header-display":"","ast-banner-title-visibility":"","ast-main-header-display":"","ast-hfb-above-header-display":"","ast-hfb-below-header-display":"","ast-hfb-mobile-header-display":"","site-post-title":"disabled","ast-breadcrumbs-content":"","ast-featured-img":"disabled","footer-sml-layout":"","ast-disable-related-posts":"","theme-transparent-header-meta":"","adv-header-id-meta":"","stick-header-meta":"","header-above-stick-meta":"","header-main-stick-meta":"","header-below-stick-meta":"","astra-migrate-meta-layouts":"default","ast-page-background-enabled":"default","ast-page-background-meta":{"desktop":{"background-color":"var(--ast-global-color-4)","background-image":"","background-repeat":"repeat","background-position":"center center","background-size":"auto","background-attachment":"scroll","background-type":"","background-media":"","overlay-type":"","overlay-color":"","overlay-opacity":"","overlay-gradient":""},"tablet":{"background-color":"","background-image":"","background-repeat":"repeat","background-position":"center center","background-size":"auto","background-attachment":"scroll","background-type":"","background-media":"","overlay-type":"","overlay-color":"","overlay-opacity":"","overlay-gradient":""},"mobile":{"background-color":"","background-image":"","background-repeat":"repeat","background-position":"center center","background-size":"auto","background-attachment":"scroll","background-type":"","background-media":"","overlay-type":"","overlay-color":"","overlay-opacity":"","overlay-gradient":""}},"ast-content-background-meta":{"desktop":{"background-color":"var(--ast-global-color-5)","background-image":"","background-repeat":"repeat","background-position":"center center","background-size":"auto","background-attachment":"scroll","background-type":"","background-media":"","overlay-type":"","overlay-color":"","overlay-opacity":"","overlay-gradient":""},"tablet":{"background-color":"var(--ast-global-color-5)","background-image":"","background-repeat":"repeat","background-position":"center center","background-size":"auto","background-attachment":"scroll","background-type":"","background-media":"","overlay-type":"","overlay-color":"","overlay-opacity":"","overlay-gradient":""},"mobile":{"background-color":"var(--ast-global-color-5)","background-image":"","background-repeat":"repeat","background-position":"center center","background-size":"auto","background-attachment":"scroll","background-type":"","background-media":"","overlay-type":"","overlay-color":"","overlay-opacity":"","overlay-gradient":""}},"footnotes":""},"class_list":["post-316","page","type-page","status-publish","hentry"],"acf":[],"_links":{"self":[{"href":"https:\/\/atipxpresstraining.ca\/fr\/wp-json\/wp\/v2\/pages\/316","targetHints":{"allow":["GET"]}}],"collection":[{"href":"https:\/\/atipxpresstraining.ca\/fr\/wp-json\/wp\/v2\/pages"}],"about":[{"href":"https:\/\/atipxpresstraining.ca\/fr\/wp-json\/wp\/v2\/types\/page"}],"author":[{"embeddable":true,"href":"https:\/\/atipxpresstraining.ca\/fr\/wp-json\/wp\/v2\/users\/2"}],"replies":[{"embeddable":true,"href":"https:\/\/atipxpresstraining.ca\/fr\/wp-json\/wp\/v2\/comments?post=316"}],"version-history":[{"count":48,"href":"https:\/\/atipxpresstraining.ca\/fr\/wp-json\/wp\/v2\/pages\/316\/revisions"}],"predecessor-version":[{"id":1152,"href":"https:\/\/atipxpresstraining.ca\/fr\/wp-json\/wp\/v2\/pages\/316\/revisions\/1152"}],"wp:attachment":[{"href":"https:\/\/atipxpresstraining.ca\/fr\/wp-json\/wp\/v2\/media?parent=316"}],"curies":[{"name":"wp","href":"https:\/\/api.w.org\/{rel}","templated":true}]}}